{"id":186,"date":"2014-10-26T09:17:48","date_gmt":"2014-10-26T08:17:48","guid":{"rendered":"http:\/\/www.heggenes.se\/?page_id=186"},"modified":"2020-10-08T08:01:27","modified_gmt":"2020-10-08T06:01:27","slug":"montageanvisning","status":"publish","type":"page","link":"http:\/\/www.heggenes.se\/?page_id=186","title":{"rendered":"Montageanvisning"},"content":{"rendered":"<p>H\u00e4r hittar du montageanvisningen f\u00f6r v\u00e5ra k\u00e5por.<\/p>\n<p><a href=\"http:\/\/www.heggenes.se\/wp-content\/uploads\/2020\/10\/MONTANV_NYRAM_2020-1.pdf\">Montageanvisning 2020<\/a><\/p>\n","protected":false},"excerpt":{"rendered":"<p>H\u00e4r hittar du montageanvisningen f\u00f6r v\u00e5ra k\u00e5por. Montageanvisning 2020<\/p>\n","protected":false},"author":1,"featured_media":0,"parent":0,"menu_order":0,"comment_status":"closed","ping_status":"closed","template":"","meta":{"_mi_skip_tracking":false},"_links":{"self":[{"href":"http:\/\/www.heggenes.se\/index.php?rest_route=\/wp\/v2\/pages\/186"}],"collection":[{"href":"http:\/\/www.heggenes.se\/index.php?rest_route=\/wp\/v2\/pages"}],"about":[{"href":"http:\/\/www.heggenes.se\/index.php?rest_route=\/wp\/v2\/types\/page"}],"author":[{"embeddable":true,"href":"http:\/\/www.heggenes.se\/index.php?rest_route=\/wp\/v2\/users\/1"}],"replies":[{"embeddable":true,"href":"http:\/\/www.heggenes.se\/index.php?rest_route=%2Fwp%2Fv2%2Fcomments&post=186"}],"version-history":[{"count":2,"href":"http:\/\/www.heggenes.se\/index.php?rest_route=\/wp\/v2\/pages\/186\/revisions"}],"predecessor-version":[{"id":265,"href":"http:\/\/www.heggenes.se\/index.php?rest_route=\/wp\/v2\/pages\/186\/revisions\/265"}],"wp:attachment":[{"href":"http:\/\/www.heggenes.se\/index.php?rest_route=%2Fwp%2Fv2%2Fmedia&parent=186"}],"curies":[{"name":"wp","href":"https:\/\/api.w.org\/{rel}","templated":true}]}}