{"id":84,"date":"2014-10-24T07:49:05","date_gmt":"2014-10-24T05:49:05","guid":{"rendered":"http:\/\/www.heggenes.se\/?page_id=84"},"modified":"2014-10-25T13:09:45","modified_gmt":"2014-10-25T11:09:45","slug":"alu-profil","status":"publish","type":"page","link":"http:\/\/www.heggenes.se\/?page_id=84","title":{"rendered":"ALU-Profil"},"content":{"rendered":"<p>Nederkanten p\u00e5 k\u00e5pan \u00e4r tillverkad av en str\u00e4ngpressad aluminiumprofil. Integrerad i profilen sitter en special-t\u00e4tlist av mjukt gummi som ser till att det blir t\u00e4tt mot kanten p\u00e5 sl\u00e4pet.<\/p>\n","protected":false},"excerpt":{"rendered":"<p>Nederkanten p\u00e5 k\u00e5pan \u00e4r tillverkad av en str\u00e4ngpressad aluminiumprofil. Integrerad i profilen sitter en special-t\u00e4tlist av mjukt gummi som ser till att det blir t\u00e4tt mot kanten p\u00e5 sl\u00e4pet.<\/p>\n","protected":false},"author":1,"featured_media":0,"parent":41,"menu_order":1,"comment_status":"closed","ping_status":"closed","template":"","meta":{"_mi_skip_tracking":false},"_links":{"self":[{"href":"http:\/\/www.heggenes.se\/index.php?rest_route=\/wp\/v2\/pages\/84"}],"collection":[{"href":"http:\/\/www.heggenes.se\/index.php?rest_route=\/wp\/v2\/pages"}],"about":[{"href":"http:\/\/www.heggenes.se\/index.php?rest_route=\/wp\/v2\/types\/page"}],"author":[{"embeddable":true,"href":"http:\/\/www.heggenes.se\/index.php?rest_route=\/wp\/v2\/users\/1"}],"replies":[{"embeddable":true,"href":"http:\/\/www.heggenes.se\/index.php?rest_route=%2Fwp%2Fv2%2Fcomments&post=84"}],"version-history":[{"count":3,"href":"http:\/\/www.heggenes.se\/index.php?rest_route=\/wp\/v2\/pages\/84\/revisions"}],"predecessor-version":[{"id":185,"href":"http:\/\/www.heggenes.se\/index.php?rest_route=\/wp\/v2\/pages\/84\/revisions\/185"}],"up":[{"embeddable":true,"href":"http:\/\/www.heggenes.se\/index.php?rest_route=\/wp\/v2\/pages\/41"}],"wp:attachment":[{"href":"http:\/\/www.heggenes.se\/index.php?rest_route=%2Fwp%2Fv2%2Fmedia&parent=84"}],"curies":[{"name":"wp","href":"https:\/\/api.w.org\/{rel}","templated":true}]}}