{"id":88,"date":"2014-10-24T07:49:56","date_gmt":"2014-10-24T05:49:56","guid":{"rendered":"http:\/\/www.heggenes.se\/?page_id=88"},"modified":"2014-10-31T10:27:28","modified_gmt":"2014-10-31T09:27:28","slug":"gasfjader","status":"publish","type":"page","link":"http:\/\/www.heggenes.se\/?page_id=88","title":{"rendered":"Gasfj\u00e4der"},"content":{"rendered":"<p>Kraftiga gasd\u00e4mpare p\u00e5 sidan av k\u00e5pan hj\u00e4lper dig att undvika tunga lyft.<br \/>\nInf\u00e4stningen \u00e4r speciellt gjord f\u00f6r att ta upp de stora krafterna det blir p\u00e5 st\u00f6rre k\u00e5por.<\/p>\n<p>S\u00e4kerhetssp\u00e4rr som undviker att k\u00e5pan faller ner ing\u00e5r till alla v\u00e5ra k\u00e5por<br \/>\n<a href=\"http:\/\/www.heggenes.se\/wp-content\/uploads\/2014\/10\/DSC00133.jpg\"><img decoding=\"async\" loading=\"lazy\" class=\"aligncenter wp-image-150 size-medium\" src=\"http:\/\/www.heggenes.se\/wp-content\/uploads\/2014\/10\/DSC00133-300x225.jpg\" alt=\"Gasd\u00e4mpare\" width=\"300\" height=\"225\" srcset=\"http:\/\/www.heggenes.se\/wp-content\/uploads\/2014\/10\/DSC00133-300x225.jpg 300w, http:\/\/www.heggenes.se\/wp-content\/uploads\/2014\/10\/DSC00133-160x120.jpg 160w, http:\/\/www.heggenes.se\/wp-content\/uploads\/2014\/10\/DSC00133.jpg 1024w\" sizes=\"(max-width: 300px) 100vw, 300px\" \/><\/a> <a href=\"http:\/\/www.heggenes.se\/wp-content\/uploads\/2014\/10\/DSC00130.jpg\"><img decoding=\"async\" loading=\"lazy\" class=\"aligncenter size-medium wp-image-149\" src=\"http:\/\/www.heggenes.se\/wp-content\/uploads\/2014\/10\/DSC00130-300x225.jpg\" alt=\"Gasd\u00e4mpare\" width=\"300\" height=\"225\" srcset=\"http:\/\/www.heggenes.se\/wp-content\/uploads\/2014\/10\/DSC00130-300x225.jpg 300w, http:\/\/www.heggenes.se\/wp-content\/uploads\/2014\/10\/DSC00130-160x120.jpg 160w, http:\/\/www.heggenes.se\/wp-content\/uploads\/2014\/10\/DSC00130.jpg 1024w\" sizes=\"(max-width: 300px) 100vw, 300px\" \/><\/a><\/p>\n","protected":false},"excerpt":{"rendered":"<p>Kraftiga gasd\u00e4mpare p\u00e5 sidan av k\u00e5pan hj\u00e4lper dig att undvika tunga lyft. Inf\u00e4stningen \u00e4r speciellt gjord f\u00f6r att ta upp de stora krafterna det blir p\u00e5 st\u00f6rre k\u00e5por. S\u00e4kerhetssp\u00e4rr som undviker att k\u00e5pan faller ner ing\u00e5r till alla v\u00e5ra k\u00e5por<\/p>\n","protected":false},"author":1,"featured_media":0,"parent":41,"menu_order":2,"comment_status":"closed","ping_status":"closed","template":"","meta":{"_mi_skip_tracking":false},"_links":{"self":[{"href":"http:\/\/www.heggenes.se\/index.php?rest_route=\/wp\/v2\/pages\/88"}],"collection":[{"href":"http:\/\/www.heggenes.se\/index.php?rest_route=\/wp\/v2\/pages"}],"about":[{"href":"http:\/\/www.heggenes.se\/index.php?rest_route=\/wp\/v2\/types\/page"}],"author":[{"embeddable":true,"href":"http:\/\/www.heggenes.se\/index.php?rest_route=\/wp\/v2\/users\/1"}],"replies":[{"embeddable":true,"href":"http:\/\/www.heggenes.se\/index.php?rest_route=%2Fwp%2Fv2%2Fcomments&post=88"}],"version-history":[{"count":7,"href":"http:\/\/www.heggenes.se\/index.php?rest_route=\/wp\/v2\/pages\/88\/revisions"}],"predecessor-version":[{"id":209,"href":"http:\/\/www.heggenes.se\/index.php?rest_route=\/wp\/v2\/pages\/88\/revisions\/209"}],"up":[{"embeddable":true,"href":"http:\/\/www.heggenes.se\/index.php?rest_route=\/wp\/v2\/pages\/41"}],"wp:attachment":[{"href":"http:\/\/www.heggenes.se\/index.php?rest_route=%2Fwp%2Fv2%2Fmedia&parent=88"}],"curies":[{"name":"wp","href":"https:\/\/api.w.org\/{rel}","templated":true}]}}