{"id":92,"date":"2014-10-24T07:50:36","date_gmt":"2014-10-24T05:50:36","guid":{"rendered":"http:\/\/www.heggenes.se\/?page_id=92"},"modified":"2014-10-24T15:18:12","modified_gmt":"2014-10-24T13:18:12","slug":"handtag","status":"publish","type":"page","link":"http:\/\/www.heggenes.se\/?page_id=92","title":{"rendered":"Handtag"},"content":{"rendered":"<p>Oavsett om du anv\u00e4nder k\u00e5pan dagligen eller bara ibland s\u00e5 \u00e4r ergonomiska handtag p\u00e5 r\u00e4tt st\u00e4lle n\u00e5got du kommer uppskatta.<br \/>\n<a href=\"http:\/\/www.heggenes.se\/wp-content\/uploads\/2014\/10\/DSC00128.jpg\"><img decoding=\"async\" loading=\"lazy\" class=\"aligncenter size-medium wp-image-147\" src=\"http:\/\/www.heggenes.se\/wp-content\/uploads\/2014\/10\/DSC00128-300x225.jpg\" alt=\"Handtag\" width=\"300\" height=\"225\" srcset=\"http:\/\/www.heggenes.se\/wp-content\/uploads\/2014\/10\/DSC00128-300x225.jpg 300w, http:\/\/www.heggenes.se\/wp-content\/uploads\/2014\/10\/DSC00128-160x120.jpg 160w, http:\/\/www.heggenes.se\/wp-content\/uploads\/2014\/10\/DSC00128.jpg 1024w\" sizes=\"(max-width: 300px) 100vw, 300px\" \/><\/a><\/p>\n","protected":false},"excerpt":{"rendered":"<p>Oavsett om du anv\u00e4nder k\u00e5pan dagligen eller bara ibland s\u00e5 \u00e4r ergonomiska handtag p\u00e5 r\u00e4tt st\u00e4lle n\u00e5got du kommer uppskatta.<\/p>\n","protected":false},"author":1,"featured_media":0,"parent":41,"menu_order":5,"comment_status":"closed","ping_status":"closed","template":"","meta":{"_mi_skip_tracking":false},"_links":{"self":[{"href":"http:\/\/www.heggenes.se\/index.php?rest_route=\/wp\/v2\/pages\/92"}],"collection":[{"href":"http:\/\/www.heggenes.se\/index.php?rest_route=\/wp\/v2\/pages"}],"about":[{"href":"http:\/\/www.heggenes.se\/index.php?rest_route=\/wp\/v2\/types\/page"}],"author":[{"embeddable":true,"href":"http:\/\/www.heggenes.se\/index.php?rest_route=\/wp\/v2\/users\/1"}],"replies":[{"embeddable":true,"href":"http:\/\/www.heggenes.se\/index.php?rest_route=%2Fwp%2Fv2%2Fcomments&post=92"}],"version-history":[{"count":2,"href":"http:\/\/www.heggenes.se\/index.php?rest_route=\/wp\/v2\/pages\/92\/revisions"}],"predecessor-version":[{"id":175,"href":"http:\/\/www.heggenes.se\/index.php?rest_route=\/wp\/v2\/pages\/92\/revisions\/175"}],"up":[{"embeddable":true,"href":"http:\/\/www.heggenes.se\/index.php?rest_route=\/wp\/v2\/pages\/41"}],"wp:attachment":[{"href":"http:\/\/www.heggenes.se\/index.php?rest_route=%2Fwp%2Fv2%2Fmedia&parent=92"}],"curies":[{"name":"wp","href":"https:\/\/api.w.org\/{rel}","templated":true}]}}