{"id":176,"date":"2014-10-24T15:18:40","date_gmt":"2014-10-24T13:18:40","guid":{"rendered":"http:\/\/www.heggenes.se\/?page_id=176"},"modified":"2014-11-02T17:04:51","modified_gmt":"2014-11-02T16:04:51","slug":"spanne","status":"publish","type":"page","link":"https:\/\/www.heggenes.se\/?page_id=176","title":{"rendered":"Sp\u00e4nne"},"content":{"rendered":"<p style=\"text-align: left;\">Sp\u00e4nnanordningarna \u00e4r dimensionerade f\u00f6r att fungera dagligen under kr\u00e4vande anv\u00e4ndning.<br \/>\nAnordningen har praktiska h\u00e5l f\u00f6r montering av h\u00e4ngl\u00e5s s\u00e5 du kan skydda din last.<br \/>\n<a href=\"http:\/\/www.heggenes.se\/wp-content\/uploads\/2014\/10\/DSC00127.jpg\"><img decoding=\"async\" loading=\"lazy\" class=\"alignnone  wp-image-146\" src=\"http:\/\/www.heggenes.se\/wp-content\/uploads\/2014\/10\/DSC00127-150x150.jpg\" alt=\"DSC00127\" width=\"214\" height=\"214\" \/><\/a> <a href=\"http:\/\/www.heggenes.se\/wp-content\/uploads\/2014\/10\/DSC00141.jpg\"><img decoding=\"async\" loading=\"lazy\" class=\"alignnone  wp-image-152\" src=\"http:\/\/www.heggenes.se\/wp-content\/uploads\/2014\/10\/DSC00141-150x150.jpg\" alt=\"DSC00141\" width=\"213\" height=\"213\" \/><\/a><\/p>\n","protected":false},"excerpt":{"rendered":"<p>Sp\u00e4nnanordningarna \u00e4r dimensionerade f\u00f6r att fungera dagligen under kr\u00e4vande anv\u00e4ndning. Anordningen har praktiska h\u00e5l f\u00f6r montering av h\u00e4ngl\u00e5s s\u00e5 du kan skydda din last.<\/p>\n","protected":false},"author":1,"featured_media":0,"parent":41,"menu_order":4,"comment_status":"closed","ping_status":"closed","template":"","meta":{"_mi_skip_tracking":false},"_links":{"self":[{"href":"https:\/\/www.heggenes.se\/index.php?rest_route=\/wp\/v2\/pages\/176"}],"collection":[{"href":"https:\/\/www.heggenes.se\/index.php?rest_route=\/wp\/v2\/pages"}],"about":[{"href":"https:\/\/www.heggenes.se\/index.php?rest_route=\/wp\/v2\/types\/page"}],"author":[{"embeddable":true,"href":"https:\/\/www.heggenes.se\/index.php?rest_route=\/wp\/v2\/users\/1"}],"replies":[{"embeddable":true,"href":"https:\/\/www.heggenes.se\/index.php?rest_route=%2Fwp%2Fv2%2Fcomments&post=176"}],"version-history":[{"count":6,"href":"https:\/\/www.heggenes.se\/index.php?rest_route=\/wp\/v2\/pages\/176\/revisions"}],"predecessor-version":[{"id":213,"href":"https:\/\/www.heggenes.se\/index.php?rest_route=\/wp\/v2\/pages\/176\/revisions\/213"}],"up":[{"embeddable":true,"href":"https:\/\/www.heggenes.se\/index.php?rest_route=\/wp\/v2\/pages\/41"}],"wp:attachment":[{"href":"https:\/\/www.heggenes.se\/index.php?rest_route=%2Fwp%2Fv2%2Fmedia&parent=176"}],"curies":[{"name":"wp","href":"https:\/\/api.w.org\/{rel}","templated":true}]}}