{"id":19,"date":"2014-10-17T14:56:07","date_gmt":"2014-10-17T14:56:07","guid":{"rendered":"http:\/\/heggenes.se.preview.citynetwork.se\/?page_id=19"},"modified":"2019-08-22T19:41:23","modified_gmt":"2019-08-22T17:41:23","slug":"forstasidan","status":"publish","type":"page","link":"https:\/\/www.heggenes.se\/","title":{"rendered":"Heggenes"},"content":{"rendered":"<p>V\u00e4lkommen till Heggenes Aluminiumk\u00e5por! &#8211; k\u00e5pan f\u00f6r alla vagnar<\/p>\n<div id=\"metaslider-id-83\" style=\"width: 100%; margin: 0 auto;\" class=\"ml-slider-3-27-13 metaslider metaslider-nivo metaslider-83 ml-slider ml-slider-lightbox-1-12-0 lightbox-plus-colorbox-2-7\">\n    <div id=\"metaslider_container_83\">\n        <div class='slider-wrapper theme-default'><div class='ribbon'><\/div><div id='metaslider_83' class='nivoSlider'><a href=\"https:\/\/www.heggenes.se\/wp-content\/uploads\/2014\/10\/IMG_1472.jpg\" target=\"_self\" rel=\"lightbox[83]\"><img src=\"https:\/\/www.heggenes.se\/wp-content\/uploads\/2014\/10\/IMG_1472-600x400.jpg\" height=\"400\" width=\"600\" alt=\"\" class=\"slider-83 slide-82\" \/><\/a><a href=\"https:\/\/www.heggenes.se\/wp-content\/uploads\/2014\/10\/IMG_1471.jpg\" target=\"_self\" rel=\"lightbox[83]\"><img src=\"https:\/\/www.heggenes.se\/wp-content\/uploads\/2014\/10\/IMG_1471-600x400.jpg\" height=\"400\" width=\"600\" alt=\"\" class=\"slider-83 slide-81\" \/><\/a><a href=\"https:\/\/www.heggenes.se\/wp-content\/uploads\/2014\/10\/IMG_1470.jpg\" target=\"_self\" rel=\"lightbox[83]\"><img src=\"https:\/\/www.heggenes.se\/wp-content\/uploads\/2014\/10\/IMG_1470-600x400.jpg\" height=\"400\" width=\"600\" alt=\"\" class=\"slider-83 slide-80\" \/><\/a><a href=\"https:\/\/www.heggenes.se\/wp-content\/uploads\/2014\/10\/IMG_1469.jpg\" target=\"_self\" rel=\"lightbox[83]\"><img src=\"https:\/\/www.heggenes.se\/wp-content\/uploads\/2014\/10\/IMG_1469-600x400.jpg\" height=\"400\" width=\"600\" alt=\"\" class=\"slider-83 slide-79\" \/><\/a><\/div><\/div>\n        \n    <\/div>\n<\/div>\n<div>Vi skr\u00e4ddarsyr k\u00e5pan efter dina behov!<\/div>\n<p>I N\u00e4lden strax utanf\u00f6r \u00d6stersund producerar vi k\u00e5por till \u00e5terf\u00f6rs\u00e4ljare och privatpersoner \u00f6ver hela Sverige.<\/p>\n<p>Vi har med tiden utvecklats till en modern sm\u00e5industri med m\u00e5ttanpassade sl\u00e4pvagnsk\u00e5por av h\u00f6g kvalitet som specialitet.<\/p>\n<p>Alla v\u00e5ra k\u00e5por kan f\u00e5s SpringSecure monterad.<\/p>\n<div><\/div>\n<p><img decoding=\"async\" loading=\"lazy\" class=\"aligncenter wp-image-235 size-full\" src=\"http:\/\/www.heggenes.se\/wp-content\/uploads\/2019\/08\/Springsecure_2-radig_staende-e1566217377642.png\" alt=\"\" width=\"121\" height=\"200\" \/><\/p>\n","protected":false},"excerpt":{"rendered":"<p>V\u00e4lkommen till Heggenes Aluminiumk\u00e5por! &#8211; k\u00e5pan f\u00f6r alla vagnar Vi skr\u00e4ddarsyr k\u00e5pan efter dina behov! I N\u00e4lden strax utanf\u00f6r \u00d6stersund producerar vi k\u00e5por till \u00e5terf\u00f6rs\u00e4ljare och privatpersoner \u00f6ver hela Sverige. Vi har med tiden utvecklats till en modern sm\u00e5industri med m\u00e5ttanpassade sl\u00e4pvagnsk\u00e5por av h\u00f6g kvalitet som specialitet. Alla v\u00e5ra k\u00e5por kan f\u00e5s SpringSecure monterad.<\/p>\n","protected":false},"author":1,"featured_media":0,"parent":0,"menu_order":0,"comment_status":"closed","ping_status":"closed","template":"","meta":{"_mi_skip_tracking":false},"_links":{"self":[{"href":"https:\/\/www.heggenes.se\/index.php?rest_route=\/wp\/v2\/pages\/19"}],"collection":[{"href":"https:\/\/www.heggenes.se\/index.php?rest_route=\/wp\/v2\/pages"}],"about":[{"href":"https:\/\/www.heggenes.se\/index.php?rest_route=\/wp\/v2\/types\/page"}],"author":[{"embeddable":true,"href":"https:\/\/www.heggenes.se\/index.php?rest_route=\/wp\/v2\/users\/1"}],"replies":[{"embeddable":true,"href":"https:\/\/www.heggenes.se\/index.php?rest_route=%2Fwp%2Fv2%2Fcomments&post=19"}],"version-history":[{"count":10,"href":"https:\/\/www.heggenes.se\/index.php?rest_route=\/wp\/v2\/pages\/19\/revisions"}],"predecessor-version":[{"id":249,"href":"https:\/\/www.heggenes.se\/index.php?rest_route=\/wp\/v2\/pages\/19\/revisions\/249"}],"wp:attachment":[{"href":"https:\/\/www.heggenes.se\/index.php?rest_route=%2Fwp%2Fv2%2Fmedia&parent=19"}],"curies":[{"name":"wp","href":"https:\/\/api.w.org\/{rel}","templated":true}]}}