{"id":21,"date":"2014-10-17T14:52:21","date_gmt":"2014-10-17T14:52:21","guid":{"rendered":"http:\/\/heggenes.se.preview.citynetwork.se\/?page_id=21"},"modified":"2014-10-24T08:14:34","modified_gmt":"2014-10-24T06:14:34","slug":"kontakta-oss","status":"publish","type":"page","link":"https:\/\/www.heggenes.se\/?page_id=21","title":{"rendered":"Kontakta Oss"},"content":{"rendered":"<p><strong>Adress:<\/strong><br \/>\nHeggenes Aluminiumk\u00e5por AB<br \/>\nAxel Johanssons v\u00e4g 40<br \/>\n830 44 N\u00e4lden<\/p>\n<p><strong>Telefon:<\/strong><br \/>\n0640-203 40<br \/>\n<strong>Fax:<\/strong><br \/>\n0640-208 44<\/p>\n<p><strong>Epost:<\/strong><br \/>\n<a href=\"mailto:info@heggenes.se\">info@heggenes.se<\/a><\/p>\n<hr \/>\n<p><strong>Kontaktformul\u00e4r:<\/strong><\/p>\n<div role=\"form\" class=\"wpcf7\" id=\"wpcf7-f31-o1\" lang=\"sv-SE\" dir=\"ltr\">\n<div class=\"screen-reader-response\"><p role=\"status\" aria-live=\"polite\" aria-atomic=\"true\"><\/p> <ul><\/ul><\/div>\n<form action=\"\/index.php?rest_route=%2Fwp%2Fv2%2Fpages%2F21#wpcf7-f31-o1\" method=\"post\" class=\"wpcf7-form init\" novalidate=\"novalidate\" data-status=\"init\">\n<div style=\"display: none;\">\n<input type=\"hidden\" name=\"_wpcf7\" value=\"31\" \/>\n<input type=\"hidden\" name=\"_wpcf7_version\" value=\"5.6.4\" \/>\n<input type=\"hidden\" name=\"_wpcf7_locale\" value=\"sv_SE\" \/>\n<input type=\"hidden\" name=\"_wpcf7_unit_tag\" value=\"wpcf7-f31-o1\" \/>\n<input type=\"hidden\" name=\"_wpcf7_container_post\" value=\"0\" \/>\n<input type=\"hidden\" name=\"_wpcf7_posted_data_hash\" value=\"\" \/>\n<\/div>\n<p>Ditt namn (obligatorisk)<br \/>\n    <span class=\"wpcf7-form-control-wrap\" data-name=\"your-name\"><input type=\"text\" name=\"your-name\" value=\"\" size=\"40\" class=\"wpcf7-form-control wpcf7-text wpcf7-validates-as-required\" aria-required=\"true\" aria-invalid=\"false\" \/><\/span> <\/p>\n<p>Din epost (obligatorisk)<br \/>\n    <span class=\"wpcf7-form-control-wrap\" data-name=\"your-email\"><input type=\"email\" name=\"your-email\" value=\"\" size=\"40\" class=\"wpcf7-form-control wpcf7-text wpcf7-email wpcf7-validates-as-required wpcf7-validates-as-email\" aria-required=\"true\" aria-invalid=\"false\" \/><\/span> <\/p>\n<p>\u00c4mne<br \/>\n    <span class=\"wpcf7-form-control-wrap\" data-name=\"your-subject\"><input type=\"text\" name=\"your-subject\" value=\"\" size=\"40\" class=\"wpcf7-form-control wpcf7-text\" aria-invalid=\"false\" \/><\/span> <\/p>\n<p>Ditt meddelande<br \/>\n    <span class=\"wpcf7-form-control-wrap\" data-name=\"your-message\"><textarea name=\"your-message\" cols=\"40\" rows=\"10\" class=\"wpcf7-form-control wpcf7-textarea\" aria-invalid=\"false\"><\/textarea><\/span> <\/p>\n<p><input type=\"submit\" value=\"Skicka\" class=\"wpcf7-form-control has-spinner wpcf7-submit\" \/><\/p>\n<div class=\"wpcf7-response-output\" aria-hidden=\"true\"><\/div><\/form><\/div>\n","protected":false},"excerpt":{"rendered":"<p>Adress: Heggenes Aluminiumk\u00e5por AB Axel Johanssons v\u00e4g 40 830 44 N\u00e4lden Telefon: 0640-203 40 Fax: 0640-208 44 Epost: info@heggenes.se Kontaktformul\u00e4r:<\/p>\n","protected":false},"author":1,"featured_media":0,"parent":0,"menu_order":99,"comment_status":"closed","ping_status":"closed","template":"","meta":{"_mi_skip_tracking":false},"_links":{"self":[{"href":"https:\/\/www.heggenes.se\/index.php?rest_route=\/wp\/v2\/pages\/21"}],"collection":[{"href":"https:\/\/www.heggenes.se\/index.php?rest_route=\/wp\/v2\/pages"}],"about":[{"href":"https:\/\/www.heggenes.se\/index.php?rest_route=\/wp\/v2\/types\/page"}],"author":[{"embeddable":true,"href":"https:\/\/www.heggenes.se\/index.php?rest_route=\/wp\/v2\/users\/1"}],"replies":[{"embeddable":true,"href":"https:\/\/www.heggenes.se\/index.php?rest_route=%2Fwp%2Fv2%2Fcomments&post=21"}],"version-history":[{"count":6,"href":"https:\/\/www.heggenes.se\/index.php?rest_route=\/wp\/v2\/pages\/21\/revisions"}],"predecessor-version":[{"id":62,"href":"https:\/\/www.heggenes.se\/index.php?rest_route=\/wp\/v2\/pages\/21\/revisions\/62"}],"wp:attachment":[{"href":"https:\/\/www.heggenes.se\/index.php?rest_route=%2Fwp%2Fv2%2Fmedia&parent=21"}],"curies":[{"name":"wp","href":"https:\/\/api.w.org\/{rel}","templated":true}]}}