{"id":214,"date":"2014-11-02T16:57:40","date_gmt":"2014-11-02T15:57:40","guid":{"rendered":"http:\/\/www.heggenes.se\/?page_id=214"},"modified":"2014-11-02T17:03:43","modified_gmt":"2014-11-02T16:03:43","slug":"skador-och-forsakringsarenden","status":"publish","type":"page","link":"https:\/\/www.heggenes.se\/?page_id=214","title":{"rendered":"Reparationer"},"content":{"rendered":"<p>Vi utf\u00f6r reparationer och tar hand om f\u00f6rs\u00e4kringsjobb.<\/p>\n<p><a title=\"Kontakta Oss\" href=\"http:\/\/www.heggenes.se\/?page_id=21\">Kontakta oss<\/a> med detaljer f\u00f6r mer information.<br \/>\n<a href=\"http:\/\/www.heggenes.se\/wp-content\/uploads\/2014\/11\/DSC00094.jpg\"><img decoding=\"async\" loading=\"lazy\" class=\"aligncenter size-medium wp-image-215\" src=\"http:\/\/www.heggenes.se\/wp-content\/uploads\/2014\/11\/DSC00094-500x375.jpg\" alt=\"DSC00094\" width=\"500\" height=\"375\" srcset=\"https:\/\/www.heggenes.se\/wp-content\/uploads\/2014\/11\/DSC00094-500x375.jpg 500w, https:\/\/www.heggenes.se\/wp-content\/uploads\/2014\/11\/DSC00094-160x120.jpg 160w, https:\/\/www.heggenes.se\/wp-content\/uploads\/2014\/11\/DSC00094.jpg 1024w\" sizes=\"(max-width: 500px) 100vw, 500px\" \/><\/a> <a href=\"http:\/\/www.heggenes.se\/wp-content\/uploads\/2014\/11\/IMG_0177.jpg\"><img decoding=\"async\" loading=\"lazy\" class=\"aligncenter size-medium wp-image-216\" src=\"http:\/\/www.heggenes.se\/wp-content\/uploads\/2014\/11\/IMG_0177-500x375.jpg\" alt=\"IMG_0177\" width=\"500\" height=\"375\" srcset=\"https:\/\/www.heggenes.se\/wp-content\/uploads\/2014\/11\/IMG_0177-500x375.jpg 500w, https:\/\/www.heggenes.se\/wp-content\/uploads\/2014\/11\/IMG_0177-160x120.jpg 160w, https:\/\/www.heggenes.se\/wp-content\/uploads\/2014\/11\/IMG_0177.jpg 1024w\" sizes=\"(max-width: 500px) 100vw, 500px\" \/><\/a> <a href=\"http:\/\/www.heggenes.se\/wp-content\/uploads\/2014\/11\/IMG_1293.jpg\"><img decoding=\"async\" loading=\"lazy\" class=\"aligncenter size-medium wp-image-217\" src=\"http:\/\/www.heggenes.se\/wp-content\/uploads\/2014\/11\/IMG_1293-500x375.jpg\" alt=\"IMG_1293\" width=\"500\" height=\"375\" srcset=\"https:\/\/www.heggenes.se\/wp-content\/uploads\/2014\/11\/IMG_1293-500x375.jpg 500w, https:\/\/www.heggenes.se\/wp-content\/uploads\/2014\/11\/IMG_1293-160x120.jpg 160w, https:\/\/www.heggenes.se\/wp-content\/uploads\/2014\/11\/IMG_1293.jpg 1024w\" sizes=\"(max-width: 500px) 100vw, 500px\" \/><\/a> <a href=\"http:\/\/www.heggenes.se\/wp-content\/uploads\/2014\/11\/sl\u00e4p-001.jpg\"><img decoding=\"async\" loading=\"lazy\" class=\"aligncenter size-medium wp-image-218\" src=\"http:\/\/www.heggenes.se\/wp-content\/uploads\/2014\/11\/sl\u00e4p-001-500x375.jpg\" alt=\"sl\u00e4p 001\" width=\"500\" height=\"375\" srcset=\"https:\/\/www.heggenes.se\/wp-content\/uploads\/2014\/11\/sl\u00e4p-001-500x375.jpg 500w, https:\/\/www.heggenes.se\/wp-content\/uploads\/2014\/11\/sl\u00e4p-001-160x120.jpg 160w, https:\/\/www.heggenes.se\/wp-content\/uploads\/2014\/11\/sl\u00e4p-001.jpg 1024w\" sizes=\"(max-width: 500px) 100vw, 500px\" \/><\/a><\/p>\n","protected":false},"excerpt":{"rendered":"<p>Vi utf\u00f6r reparationer och tar hand om f\u00f6rs\u00e4kringsjobb. Kontakta oss med detaljer f\u00f6r mer information.<\/p>\n","protected":false},"author":1,"featured_media":0,"parent":0,"menu_order":0,"comment_status":"closed","ping_status":"closed","template":"","meta":{"_mi_skip_tracking":false},"_links":{"self":[{"href":"https:\/\/www.heggenes.se\/index.php?rest_route=\/wp\/v2\/pages\/214"}],"collection":[{"href":"https:\/\/www.heggenes.se\/index.php?rest_route=\/wp\/v2\/pages"}],"about":[{"href":"https:\/\/www.heggenes.se\/index.php?rest_route=\/wp\/v2\/types\/page"}],"author":[{"embeddable":true,"href":"https:\/\/www.heggenes.se\/index.php?rest_route=\/wp\/v2\/users\/1"}],"replies":[{"embeddable":true,"href":"https:\/\/www.heggenes.se\/index.php?rest_route=%2Fwp%2Fv2%2Fcomments&post=214"}],"version-history":[{"count":6,"href":"https:\/\/www.heggenes.se\/index.php?rest_route=\/wp\/v2\/pages\/214\/revisions"}],"predecessor-version":[{"id":225,"href":"https:\/\/www.heggenes.se\/index.php?rest_route=\/wp\/v2\/pages\/214\/revisions\/225"}],"wp:attachment":[{"href":"https:\/\/www.heggenes.se\/index.php?rest_route=%2Fwp%2Fv2%2Fmedia&parent=214"}],"curies":[{"name":"wp","href":"https:\/\/api.w.org\/{rel}","templated":true}]}}