{"id":86,"date":"2014-10-24T07:49:28","date_gmt":"2014-10-24T05:49:28","guid":{"rendered":"http:\/\/www.heggenes.se\/?page_id=86"},"modified":"2014-10-31T09:28:10","modified_gmt":"2014-10-31T08:28:10","slug":"barram","status":"publish","type":"page","link":"https:\/\/www.heggenes.se\/?page_id=86","title":{"rendered":"B\u00e4rram"},"content":{"rendered":"<p>TIG-svetsad b\u00e4rram av special-profil.<br \/>\nHela k\u00e5pan b\u00e4rs upp av en TIG-Svetsad f\u00f6rst\u00e4rkt ram av aluminium. Konstruktionen blir extremt vridstyv och d\u00f6ljs elegant innan f\u00f6r k\u00e5pans sidor.<br \/>\n<a href=\"http:\/\/www.heggenes.se\/wp-content\/uploads\/2014\/10\/DSC00109.jpg\"><img decoding=\"async\" loading=\"lazy\" class=\"aligncenter size-medium wp-image-145\" src=\"http:\/\/www.heggenes.se\/wp-content\/uploads\/2014\/10\/DSC00109-300x225.jpg\" alt=\"Ram insida\" width=\"300\" height=\"225\" srcset=\"https:\/\/www.heggenes.se\/wp-content\/uploads\/2014\/10\/DSC00109-300x225.jpg 300w, https:\/\/www.heggenes.se\/wp-content\/uploads\/2014\/10\/DSC00109-160x120.jpg 160w, https:\/\/www.heggenes.se\/wp-content\/uploads\/2014\/10\/DSC00109.jpg 1024w\" sizes=\"(max-width: 300px) 100vw, 300px\" \/><\/a> <a href=\"http:\/\/www.heggenes.se\/wp-content\/uploads\/2014\/10\/DSC00108.jpg\"><img decoding=\"async\" loading=\"lazy\" class=\"aligncenter wp-image-144 size-medium\" src=\"http:\/\/www.heggenes.se\/wp-content\/uploads\/2014\/10\/DSC00108-300x225.jpg\" alt=\"Ram yttersida\" width=\"300\" height=\"225\" srcset=\"https:\/\/www.heggenes.se\/wp-content\/uploads\/2014\/10\/DSC00108-300x225.jpg 300w, https:\/\/www.heggenes.se\/wp-content\/uploads\/2014\/10\/DSC00108-160x120.jpg 160w, https:\/\/www.heggenes.se\/wp-content\/uploads\/2014\/10\/DSC00108.jpg 1024w\" sizes=\"(max-width: 300px) 100vw, 300px\" \/><\/a><\/p>\n<p>&nbsp;<\/p>\n<p>&nbsp;<\/p>\n","protected":false},"excerpt":{"rendered":"<p>TIG-svetsad b\u00e4rram av special-profil. Hela k\u00e5pan b\u00e4rs upp av en TIG-Svetsad f\u00f6rst\u00e4rkt ram av aluminium. Konstruktionen blir extremt vridstyv och d\u00f6ljs elegant innan f\u00f6r k\u00e5pans sidor. &nbsp; &nbsp;<\/p>\n","protected":false},"author":1,"featured_media":0,"parent":41,"menu_order":3,"comment_status":"closed","ping_status":"closed","template":"","meta":{"_mi_skip_tracking":false},"_links":{"self":[{"href":"https:\/\/www.heggenes.se\/index.php?rest_route=\/wp\/v2\/pages\/86"}],"collection":[{"href":"https:\/\/www.heggenes.se\/index.php?rest_route=\/wp\/v2\/pages"}],"about":[{"href":"https:\/\/www.heggenes.se\/index.php?rest_route=\/wp\/v2\/types\/page"}],"author":[{"embeddable":true,"href":"https:\/\/www.heggenes.se\/index.php?rest_route=\/wp\/v2\/users\/1"}],"replies":[{"embeddable":true,"href":"https:\/\/www.heggenes.se\/index.php?rest_route=%2Fwp%2Fv2%2Fcomments&post=86"}],"version-history":[{"count":6,"href":"https:\/\/www.heggenes.se\/index.php?rest_route=\/wp\/v2\/pages\/86\/revisions"}],"predecessor-version":[{"id":202,"href":"https:\/\/www.heggenes.se\/index.php?rest_route=\/wp\/v2\/pages\/86\/revisions\/202"}],"up":[{"embeddable":true,"href":"https:\/\/www.heggenes.se\/index.php?rest_route=\/wp\/v2\/pages\/41"}],"wp:attachment":[{"href":"https:\/\/www.heggenes.se\/index.php?rest_route=%2Fwp%2Fv2%2Fmedia&parent=86"}],"curies":[{"name":"wp","href":"https:\/\/api.w.org\/{rel}","templated":true}]}}