{"id":90,"date":"2014-10-24T07:50:15","date_gmt":"2014-10-24T05:50:15","guid":{"rendered":"http:\/\/www.heggenes.se\/?page_id=90"},"modified":"2014-10-24T15:06:33","modified_gmt":"2014-10-24T13:06:33","slug":"gangjarn","status":"publish","type":"page","link":"https:\/\/www.heggenes.se\/?page_id=90","title":{"rendered":"G\u00e5ngj\u00e4rn"},"content":{"rendered":"<p>Kraftiga stabila g\u00e5ngj\u00e4rn \u00e4r en f\u00f6ruts\u00e4ttning f\u00f6r en bra och h\u00e5llbar funktion.<\/p>\n<p>V\u00e5ra g\u00e5ngj\u00e4rn \u00e4r helt utanp\u00e5liggande och bultas i vagn och b\u00e4rram.<br \/>\n<a href=\"http:\/\/www.heggenes.se\/wp-content\/uploads\/2014\/10\/DSC00129.jpg\"><img decoding=\"async\" loading=\"lazy\" class=\"alignnone wp-image-148 size-medium\" src=\"http:\/\/www.heggenes.se\/wp-content\/uploads\/2014\/10\/DSC00129-300x225.jpg\" alt=\"G\u00e5ngj\u00e4rn p\u00e5 vagn\" width=\"300\" height=\"225\" srcset=\"https:\/\/www.heggenes.se\/wp-content\/uploads\/2014\/10\/DSC00129-300x225.jpg 300w, https:\/\/www.heggenes.se\/wp-content\/uploads\/2014\/10\/DSC00129-160x120.jpg 160w, https:\/\/www.heggenes.se\/wp-content\/uploads\/2014\/10\/DSC00129.jpg 1024w\" sizes=\"(max-width: 300px) 100vw, 300px\" \/><br \/>\n<\/a><a href=\"http:\/\/www.heggenes.se\/wp-content\/uploads\/2014\/10\/DSC00159.jpg\"><img decoding=\"async\" loading=\"lazy\" class=\"alignnone wp-image-153 size-medium\" src=\"http:\/\/www.heggenes.se\/wp-content\/uploads\/2014\/10\/DSC00159-300x225.jpg\" alt=\"G\u00e5ngj\u00e4rn\" width=\"300\" height=\"225\" srcset=\"https:\/\/www.heggenes.se\/wp-content\/uploads\/2014\/10\/DSC00159-300x225.jpg 300w, https:\/\/www.heggenes.se\/wp-content\/uploads\/2014\/10\/DSC00159-160x120.jpg 160w, https:\/\/www.heggenes.se\/wp-content\/uploads\/2014\/10\/DSC00159.jpg 1024w\" sizes=\"(max-width: 300px) 100vw, 300px\" \/><\/a><\/p>\n","protected":false},"excerpt":{"rendered":"<p>Kraftiga stabila g\u00e5ngj\u00e4rn \u00e4r en f\u00f6ruts\u00e4ttning f\u00f6r en bra och h\u00e5llbar funktion. V\u00e5ra g\u00e5ngj\u00e4rn \u00e4r helt utanp\u00e5liggande och bultas i vagn och b\u00e4rram.<\/p>\n","protected":false},"author":1,"featured_media":0,"parent":41,"menu_order":4,"comment_status":"closed","ping_status":"closed","template":"","meta":{"_mi_skip_tracking":false},"_links":{"self":[{"href":"https:\/\/www.heggenes.se\/index.php?rest_route=\/wp\/v2\/pages\/90"}],"collection":[{"href":"https:\/\/www.heggenes.se\/index.php?rest_route=\/wp\/v2\/pages"}],"about":[{"href":"https:\/\/www.heggenes.se\/index.php?rest_route=\/wp\/v2\/types\/page"}],"author":[{"embeddable":true,"href":"https:\/\/www.heggenes.se\/index.php?rest_route=\/wp\/v2\/users\/1"}],"replies":[{"embeddable":true,"href":"https:\/\/www.heggenes.se\/index.php?rest_route=%2Fwp%2Fv2%2Fcomments&post=90"}],"version-history":[{"count":6,"href":"https:\/\/www.heggenes.se\/index.php?rest_route=\/wp\/v2\/pages\/90\/revisions"}],"predecessor-version":[{"id":170,"href":"https:\/\/www.heggenes.se\/index.php?rest_route=\/wp\/v2\/pages\/90\/revisions\/170"}],"up":[{"embeddable":true,"href":"https:\/\/www.heggenes.se\/index.php?rest_route=\/wp\/v2\/pages\/41"}],"wp:attachment":[{"href":"https:\/\/www.heggenes.se\/index.php?rest_route=%2Fwp%2Fv2%2Fmedia&parent=90"}],"curies":[{"name":"wp","href":"https:\/\/api.w.org\/{rel}","templated":true}]}}